{"id":2,"date":"2016-05-10T03:48:21","date_gmt":"2016-05-10T03:48:21","guid":{"rendered":"http:\/\/wp452m.a10-52-158-154.qa.plesk.ru\/wordpress\/?page_id=2"},"modified":"2022-11-17T13:45:06","modified_gmt":"2022-11-17T12:45:06","slug":"about-us","status":"publish","type":"page","link":"https:\/\/wolftour.it\/it\/about-us\/","title":{"rendered":"Chi Siamo &amp; C."},"content":{"rendered":"<p><\/p>\n<h1 style=\"text-align: left\">Da oltre 10 anni costruiamo insieme la tua vacanza in Abruzzo<\/h1>\n<h2>Wolftour \u00e8 la storia del turismo su misura in Abruzzo, la parte esperienziale, il vero senso del Viaggio<\/h2>\n<p>Siamo nati\u00a0nel 2011 a Penne (PE) come tour operator online con licenza n.142606 del 26\/04\/2011, dall\u2019iniziativa di tre amici appassionati di Natura, Sport, Cultura e Tradizioni locali. A quaranta anni ci siamo sentiti addosso la responsabilit\u00e0 etica e morale di mettere a frutto le nostre diverse competenze e creare una impresa innovativa nell&#8217;industria del Turismo. L&#8217;idea \u00e8 nata all&#8217;interno della ASD Vertigo 2000 che sin dal 2003 organizza eventi sportivi nazionali e internazionali in Abruzzo, e nel 2006 ha ospitato una tappa della Coppa del Mondo di Arrampicata Sportiva a Penne.<br \/>\nA distanza di poco pi\u00f9 di un anno siamo cresciuti in maniera esponenziale, e stiamo crescendo ancora: al momento, la societ\u00e0 \u00e8 costituita da 3 soci, 2 dipendenti, e tanti collaboratori specializzati.<\/p>\n<p>Le nostre principali attivit\u00e0 sono:<\/p>\n<ul>\n<li>tour operator di incoming in Abruzzo, con pacchetti ed escursioni a tema natura, sport, turismo sostenibile, cultura, enogastronomia ecc.<\/li>\n<li>agenzia di viaggi tramite affiliazioni con i principali vettori di trasporto e tour operator nazionali ed internazionali<\/li>\n<li>servizio di business travel per l\u2019organizzazione di viaggi di lavoro, eventi fieristici ecc.<\/li>\n<li>noleggio attrezzature sportive quali sci da fondo, ciaspole, bastoncini Nordic Walking, mountain bike e bici elettriche<\/li>\n<li>vendita su store online di prodotti tipici che rappresentano le eccellenze enogastronomiche del nostro territorio (olio, vino, conserve, formaggio, salumi, dolci ecc.)<\/li>\n<li>Supporto alla Gestione del Parco Avventura Collalto a Penne<\/li>\n<li>Progettazione Turistica e Formazione Continua<\/li>\n<li>Supporto alla Gestione della Scuola di Escursionismo Naturalistico COGECSTRE<\/li>\n<\/ul>\n<p>Siamo specializzati nella <strong>vacanza attiva, sostenibile e culturale<\/strong>. Offriamo pacchetti turistici, escursioni, tour ed esperienze legate all\u2019outdoor, alla sostenibilit\u00e0 e all\u2019enogastronomia: trekking a piedi e in mountain bike, percorsi in e-bike, ciaspole, sci da fondo, passeggiate a cavallo, giro in canoa, barca a vela ed aereo turistico, visite e degustazioni presso cantine, agriturismi ed aziende agricole d\u2019eccellenza.\u00a0In Abruzzo, abbiamo disponibilit\u00e0 di 920 posti letto convenzionati in B&amp;B \/Residence\/Resorts\/hotel di tutte le categorie, al mare e in montagna, oltre 150.000 hotel tramite le nostre affiliazioni in Europa e nel mondo; siamo dotati, presso i nostri uffici, di uno <strong>staff multilingue<\/strong>. La nostra divisione Business Travel si occupa di organizzazione e gestione di viaggi di affari, fornendo servizi strutturati e personalizzati ad aziende private e pubbliche; mettiamo inoltre a disposizione sale ed uffici attrezzati su tutto il territorio nazionale, siamo strutturati per la gestione e l\u2019organizzazione di eventi con personale qualificato, traduttori ed hostess, inclusa la gestione dei pagamenti e della reportistica mensile. Organizziamo periodicamente eventi di promozione turistica del nostro territorio e delle sue eccellenze, con escursioni otudoor, cooking show ed incontri con i produttori locali. Nel corso della nostra attivit\u00e0 abbiamo collaborato con diverse DMC e GAL abruzzesi, creando cataloghi turistici ed itinerari per: <strong>DMC Gran Sasso d\u2019Italia, L\u2019Aquila e Terre Vestine, DMC Gran Sasso Laga, DMC Terre del Piacere, Gal Gran Sasso Velino, Gal Leader Teramano, Gal Terre Pescaresi<\/strong>. Per nostro conto e per conto di partner pubblici e privati, organizziamo educational tour e press tour per mostrare ad agenti di viaggio, tour operator, bloggers e giornalisti le bellezze del nostro territorio. Da gennaio 2021, abbiamo cambiato sede ed al momento <strong>ci troviamo nella Riserva Regionale Naturale Lago di Penne, in c.da Collalto 1A<\/strong>, con un ufficio modulare, il \u201c<em><strong>Know Camp Explora<\/strong><\/em>\u201c, dotato di arredi e dispositivi tecnologici leggeri e facilmente trasportabili per essere utilizzati in qualunque altro spazio. Ad oggi, siamo <strong>soci e sede operativa della DMC \u201cGran Sasso d\u2019Italia, L\u2019Aquila e Terre Vestine\u201d<\/strong>, capofila della prima rete di imprese turistiche in Abruzzo, \u201cTravel Anywhere\u201d insieme a Il Bosso e Turismo Gestioni e siamo membri del STL \u201cGran Sasso d\u2019Italia\u201d e della rete di imprese \u201cVacanzattiva!\u201d.<\/p>","protected":false},"excerpt":{"rendered":"<p>Da oltre 10 anni costruiamo insieme la tua vacanza in Abruzzo Wolftour \u00e8 la storia del turismo su misura in Abruzzo, la parte esperienziale, il vero senso del Viaggio Siamo nati\u00a0nel 2011 a Penne (PE) come tour operator online con licenza n.142606 del 26\/04\/2011, dall\u2019iniziativa di tre amici appassionati di Natura, Sport, Cultura e Tradizioni &hellip; <a href=\"https:\/\/wolftour.it\/it\/about-us\/\" class=\"more-link\">Leggi tutto<span class=\"screen-reader-text\"> &#8220;Chi Siamo &amp; C.&#8221;<\/span><\/a><\/p>\n","protected":false},"author":1,"featured_media":3768,"parent":0,"menu_order":0,"comment_status":"closed","ping_status":"open","template":"page-aboutus.php","meta":[],"yoast_head":"\n<title>Chi Siamo &amp; C. &laquo; Wolftour | Tour Operator in Abruzzo<\/title>\n<meta name=\"description\" content=\"Wolftour Abruzzo Tour Operator Agenzia Viaggi Turismo Hotel Servizi Voli Vacanza\" \/>\n<meta name=\"robots\" content=\"index, follow, max-snippet:-1, max-image-preview:large, max-video-preview:-1\" \/>\n<link rel=\"canonical\" href=\"https:\/\/wolftour.it\/it\/about-us\/\" \/>\n<meta property=\"og:locale\" content=\"it_IT\" \/>\n<meta property=\"og:type\" content=\"article\" \/>\n<meta property=\"og:title\" content=\"[:it]Chi Siamo &amp; C.[:en]About Us[:] &laquo; Wolftour | Tour Operator in Abruzzo\" \/>\n<meta property=\"og:description\" content=\"Wolftour Abruzzo Tour Operator Agenzia Viaggi Turismo Hotel Servizi Voli Vacanza\" \/>\n<meta property=\"og:url\" content=\"https:\/\/wolftour.it\/it\/about-us\/\" \/>\n<meta property=\"og:site_name\" content=\"Wolftour | Tour Operator in Abruzzo\" \/>\n<meta property=\"article:publisher\" content=\"https:\/\/www.facebook.com\/Wolftour\/\" \/>\n<meta property=\"article:modified_time\" content=\"2022-11-17T12:45:06+00:00\" \/>\n<meta property=\"og:image\" content=\"https:\/\/wolftour.it\/wp-content\/uploads\/2016\/05\/Italy-porta-san-nicola.jpg\" \/>\n\t<meta property=\"og:image:width\" content=\"2560\" \/>\n\t<meta property=\"og:image:height\" content=\"1001\" \/>\n\t<meta property=\"og:image:type\" content=\"image\/jpeg\" \/>\n<meta name=\"twitter:card\" content=\"summary_large_image\" \/>\n<meta name=\"twitter:site\" content=\"@Wolftour\" \/>\n<meta name=\"twitter:label1\" content=\"Tempo di lettura stimato\" \/>\n\t<meta name=\"twitter:data1\" content=\"4 minuti\" \/>\n<script type=\"application\/ld+json\" class=\"yoast-schema-graph\">{\"@context\":\"https:\/\/schema.org\",\"@graph\":[{\"@type\":\"WebPage\",\"@id\":\"https:\/\/wolftour.it\/it\/about-us\/\",\"url\":\"https:\/\/wolftour.it\/it\/about-us\/\",\"name\":\"[:it]Chi Siamo &amp; C.[:en]About Us[:] &laquo; Wolftour | Tour Operator in Abruzzo\",\"isPartOf\":{\"@id\":\"https:\/\/wolftour.it\/it\/#website\"},\"datePublished\":\"2016-05-10T03:48:21+00:00\",\"dateModified\":\"2022-11-17T12:45:06+00:00\",\"description\":\"Wolftour Abruzzo Tour Operator Agenzia Viaggi Turismo Hotel Servizi Voli Vacanza\",\"breadcrumb\":{\"@id\":\"https:\/\/wolftour.it\/it\/about-us\/#breadcrumb\"},\"inLanguage\":\"it-IT\",\"potentialAction\":[{\"@type\":\"ReadAction\",\"target\":[\"https:\/\/wolftour.it\/it\/about-us\/\"]}]},{\"@type\":\"BreadcrumbList\",\"@id\":\"https:\/\/wolftour.it\/it\/about-us\/#breadcrumb\",\"itemListElement\":[{\"@type\":\"ListItem\",\"position\":1,\"name\":\"Home\",\"item\":\"https:\/\/wolftour.it\/homepage\/homepage\/\"},{\"@type\":\"ListItem\",\"position\":2,\"name\":\"Chi Siamo &amp; C.\"}]},{\"@type\":\"WebSite\",\"@id\":\"https:\/\/wolftour.it\/it\/#website\",\"url\":\"https:\/\/wolftour.it\/it\/\",\"name\":\"Wolftour | Tour Operator in Abruzzo\",\"description\":\"Viaggi e Vacanze Tour Operator in Abruzzo\",\"publisher\":{\"@id\":\"https:\/\/wolftour.it\/it\/#organization\"},\"potentialAction\":[{\"@type\":\"SearchAction\",\"target\":{\"@type\":\"EntryPoint\",\"urlTemplate\":\"https:\/\/wolftour.it\/it\/?s={search_term_string}\"},\"query-input\":\"required name=search_term_string\"}],\"inLanguage\":\"it-IT\"},{\"@type\":\"Organization\",\"@id\":\"https:\/\/wolftour.it\/it\/#organization\",\"name\":\"Wolftour Srl\",\"url\":\"https:\/\/wolftour.it\/it\/\",\"logo\":{\"@type\":\"ImageObject\",\"inLanguage\":\"it-IT\",\"@id\":\"https:\/\/wolftour.it\/it\/#\/schema\/logo\/image\/\",\"url\":\"https:\/\/wolftour.it\/wp-content\/uploads\/2016\/09\/wf_logo_mod.png\",\"contentUrl\":\"https:\/\/wolftour.it\/wp-content\/uploads\/2016\/09\/wf_logo_mod.png\",\"width\":680,\"height\":205,\"caption\":\"Wolftour Srl\"},\"image\":{\"@id\":\"https:\/\/wolftour.it\/it\/#\/schema\/logo\/image\/\"},\"sameAs\":[\"https:\/\/www.facebook.com\/Wolftour\/\",\"https:\/\/twitter.com\/Wolftour\",\"https:\/\/www.instagram.com\/wolftour_italy\/\",\"https:\/\/it.pinterest.com\/wolftour\/\",\"https:\/\/www.youtube.com\/channel\/UCl8wQzrF789bSFRAA7_XJCQ\"]}]}<\/script>\n","yoast_head_json":{"title":"[:it]Chi Siamo &amp; C.[:en]About Us[:] &laquo; Wolftour | Tour Operator in Abruzzo","description":"Wolftour Abruzzo Tour Operator Agenzia Viaggi Turismo Hotel Servizi Voli Vacanza","robots":{"index":"index","follow":"follow","max-snippet":"max-snippet:-1","max-image-preview":"max-image-preview:large","max-video-preview":"max-video-preview:-1"},"canonical":"https:\/\/wolftour.it\/it\/about-us\/","og_locale":"it_IT","og_type":"article","og_title":"[:it]Chi Siamo &amp; C.[:en]About Us[:] &laquo; Wolftour | Tour Operator in Abruzzo","og_description":"Wolftour Abruzzo Tour Operator Agenzia Viaggi Turismo Hotel Servizi Voli Vacanza","og_url":"https:\/\/wolftour.it\/it\/about-us\/","og_site_name":"Wolftour | Tour Operator in Abruzzo","article_publisher":"https:\/\/www.facebook.com\/Wolftour\/","article_modified_time":"2022-11-17T12:45:06+00:00","og_image":[{"width":2560,"height":1001,"url":"https:\/\/wolftour.it\/wp-content\/uploads\/2016\/05\/Italy-porta-san-nicola.jpg","type":"image\/jpeg"}],"twitter_card":"summary_large_image","twitter_site":"@Wolftour","twitter_misc":{"Tempo di lettura stimato":"4 minuti"},"schema":{"@context":"https:\/\/schema.org","@graph":[{"@type":"WebPage","@id":"https:\/\/wolftour.it\/it\/about-us\/","url":"https:\/\/wolftour.it\/it\/about-us\/","name":"[:it]Chi Siamo &amp; C.[:en]About Us[:] &laquo; Wolftour | Tour Operator in Abruzzo","isPartOf":{"@id":"https:\/\/wolftour.it\/it\/#website"},"datePublished":"2016-05-10T03:48:21+00:00","dateModified":"2022-11-17T12:45:06+00:00","description":"Wolftour Abruzzo Tour Operator Agenzia Viaggi Turismo Hotel Servizi Voli Vacanza","breadcrumb":{"@id":"https:\/\/wolftour.it\/it\/about-us\/#breadcrumb"},"inLanguage":"it-IT","potentialAction":[{"@type":"ReadAction","target":["https:\/\/wolftour.it\/it\/about-us\/"]}]},{"@type":"BreadcrumbList","@id":"https:\/\/wolftour.it\/it\/about-us\/#breadcrumb","itemListElement":[{"@type":"ListItem","position":1,"name":"Home","item":"https:\/\/wolftour.it\/homepage\/homepage\/"},{"@type":"ListItem","position":2,"name":"Chi Siamo &amp; C."}]},{"@type":"WebSite","@id":"https:\/\/wolftour.it\/it\/#website","url":"https:\/\/wolftour.it\/it\/","name":"Wolftour | Tour Operator in Abruzzo","description":"Viaggi e Vacanze Tour Operator in Abruzzo","publisher":{"@id":"https:\/\/wolftour.it\/it\/#organization"},"potentialAction":[{"@type":"SearchAction","target":{"@type":"EntryPoint","urlTemplate":"https:\/\/wolftour.it\/it\/?s={search_term_string}"},"query-input":"required name=search_term_string"}],"inLanguage":"it-IT"},{"@type":"Organization","@id":"https:\/\/wolftour.it\/it\/#organization","name":"Wolftour Srl","url":"https:\/\/wolftour.it\/it\/","logo":{"@type":"ImageObject","inLanguage":"it-IT","@id":"https:\/\/wolftour.it\/it\/#\/schema\/logo\/image\/","url":"https:\/\/wolftour.it\/wp-content\/uploads\/2016\/09\/wf_logo_mod.png","contentUrl":"https:\/\/wolftour.it\/wp-content\/uploads\/2016\/09\/wf_logo_mod.png","width":680,"height":205,"caption":"Wolftour Srl"},"image":{"@id":"https:\/\/wolftour.it\/it\/#\/schema\/logo\/image\/"},"sameAs":["https:\/\/www.facebook.com\/Wolftour\/","https:\/\/twitter.com\/Wolftour","https:\/\/www.instagram.com\/wolftour_italy\/","https:\/\/it.pinterest.com\/wolftour\/","https:\/\/www.youtube.com\/channel\/UCl8wQzrF789bSFRAA7_XJCQ"]}]}},"_links":{"self":[{"href":"https:\/\/wolftour.it\/it\/wp-json\/wp\/v2\/pages\/2"}],"collection":[{"href":"https:\/\/wolftour.it\/it\/wp-json\/wp\/v2\/pages"}],"about":[{"href":"https:\/\/wolftour.it\/it\/wp-json\/wp\/v2\/types\/page"}],"author":[{"embeddable":true,"href":"https:\/\/wolftour.it\/it\/wp-json\/wp\/v2\/users\/1"}],"replies":[{"embeddable":true,"href":"https:\/\/wolftour.it\/it\/wp-json\/wp\/v2\/comments?post=2"}],"version-history":[{"count":27,"href":"https:\/\/wolftour.it\/it\/wp-json\/wp\/v2\/pages\/2\/revisions"}],"predecessor-version":[{"id":7571,"href":"https:\/\/wolftour.it\/it\/wp-json\/wp\/v2\/pages\/2\/revisions\/7571"}],"wp:featuredmedia":[{"embeddable":true,"href":"https:\/\/wolftour.it\/it\/wp-json\/wp\/v2\/media\/3768"}],"wp:attachment":[{"href":"https:\/\/wolftour.it\/it\/wp-json\/wp\/v2\/media?parent=2"}],"curies":[{"name":"wp","href":"https:\/\/api.w.org\/{rel}","templated":true}]}}