{"id":3636,"date":"2016-10-18T08:50:59","date_gmt":"2016-10-18T08:50:59","guid":{"rendered":"http:\/\/lupo.lizardhq.com\/?page_id=3636"},"modified":"2016-10-25T14:42:17","modified_gmt":"2016-10-25T14:42:17","slug":"privacy","status":"publish","type":"page","link":"https:\/\/wolftour.it\/it\/privacy\/","title":{"rendered":"Privacy Policy"},"content":{"rendered":"<p><\/p>\n<p>I sistemi informatici e le procedure software preposte al funzionamento di questo sito Web acquisiscono, nel corso del loro normale esercizio, alcuni dati la cui trasmissione \u00e8 implicita nell\u2019uso dei protocolli di comunicazione di Internet.<\/p>\n<p>Si tratta di informazioni che non sono raccolte per essere associate a interessati identificati, ma che per loro stessa natura potrebbero permettere di identificare gli utenti attraverso elaborazioni ed associazioni con dati detenuti da terzi.<\/p>\n<p>In questa categoria di dati rientrano gli indirizzi IP o i nomi a dominio dei computer utilizzati dagli utenti che si connettono al sito, gli indirizzi in notazione URI (Uniform Resource Identifier) delle risorse richieste, l\u2019orario della richiesta, il metodo utilizzato nel sottoporre la richiesta al server, la dimensione del file ottenuto in risposta, il codice numerico indicante lo stato della risposta data dal server (buon fine, errore, ecc.) ed altri parametri relativi al sistema operativo e all\u2019ambiente informatico dell\u2019utente.<\/p>\n<p>Questi dati vengono utilizzati al solo fine di ricavare informazioni statistiche anonime sull\u2019uso del sito e per controllarne il corretto funzionamento. Questi dati non sono comunicati a terzi e non sono diffusi.<\/p>\n<p>Un \u201ccookie\u201d \u00e9 un file di testo di piccole dimensioni trasferito dal server Web al computer dell\u2019utente, il cui scopo e informare il server riguardo a gli accessi dell\u2019utente a quella determinata pagina Web, e di altre eventuali notizie che ricava dai parametri leggibili del sistema tramite funzioni contenute nella pagina Web. I cookies possono essere \u201ctemporanei\u201d (o di sessione, sono cancellati al termine del collegamento) o \u201cpermanenti\u201d (restano memorizzati nel disco fisso dell\u2019utente, a meno che l\u2019utente stesso non li cancelli).<\/p>\n<p>Questo sito utilizza cookies di sessione e cookies persistenti per:<\/p>\n<ul>\n<li>tenere traccia di sessioni di navigazione in forma anonima;<\/li>\n<li>migliorare la navigazione all\u2019interno del sito;<\/li>\n<li>personalizzare i servizi;<\/li>\n<li>analizzare in forma aggregata i modelli di traffico del sito.<\/li>\n<\/ul>\n<p>I cookies persistenti che utilizziamo possono conservare dati identificativi personali esclusivamente nel caso in cui l\u2019utente abbia registrato o acconsentito alla conservazione dei dati identificativi personali immessi nel sito stesso. Altrimenti, il nostro server riconosce solo che un visitatore non identificato, con quel determinato cookie, e ritornato sul sito.<\/p>\n<p>Questi dati non sono comunicati a terzi e non sono diffusi.<\/p>\n<p>L\u2019utente ha la possibilit\u00e0, in funzione del browser in uso, di disabilitare o di accettare in modo selettivo l\u2019utilizzo dei cookies: in questo caso la navigazione non potr\u00e0 essere parimenti agevole, alcune funzioni del sito potrebbero non essere disponibili e alcune pagine Web potrebbero essere visualizzate in modo non corretto.<\/p>\n<p>Questo sito web utilizza Google Analytics, un servizio di analisi web fornito da Google, Inc. (\u201dGoogle\u201d). Google Analytics utilizza dei \u201ccookies\u201d, che sono file di testo che vengono depositati sul Vostro computer per consentire al sito web di analizzare come gli utenti utilizzano il sito. Le informazioni generate dal cookie sull\u2019utilizzo del sito web da parte Vostra (compreso il Vostro indirizzo IP) verranno trasmesse a, e depositate presso i server di Google negli Stati Uniti. Google utilizzer\u00e0 queste informazioni allo scopo di tracciare e esaminare il Vostro utilizzo del sito web, compilare report sulle attivit\u00e0 del sito web per gli operatori del sito web e fornire altri servizi relativi alle attivit\u00e0 del sito web e all\u2019utilizzo di Internet. Google pu\u00f2 anche trasferire queste informazioni a terzi ove ci\u00f2 sia imposto dalla legge o laddove tali terzi trattino le suddette informazioni per conto di Google. Google non assocer\u00e0 il vostro indirizzo IP a nessun altro dato posseduto da Google. Potete rifiutarvi di usare i cookies selezionando l\u2019impostazione appropriata sul vostro browser, ma ci\u00f2 potrebbe impedirvi di utilizzare tutte le funzionalit\u00e0 di questo sito web. Utilizzando il presente sito web, voi acconsentite al trattamento dei Vostri dati da parte di Google per le modalit\u00e0 e i fini sopraindicati.<\/p>\n<p>All\u2019utente sono richiesti dati personali (es. nome, indirizzo e-mail) solo qualora voglia venire in contatto con noi o avvalersi di nostri servizi proposti sul nostro sito; in tali casi all\u2019utente viene sempre previamente proposta una informativa esplicita in proposito e, nei casi in cui ci\u00f2 \u00e8 necessario, l\u2019utente e invitato a fornire il proprio consenso. L\u2019invio facoltativo, esplicito e volontario di dati personali comporta il loro trattamento per le finalit\u00e0 e nei limiti indicati nelle specifiche informative.<\/p>\n<p>L\u2019utente \u00e8 libero di fornire dati personali a Wolftour discover Abruzzo attraverso l\u2019invio facoltativo, esplicito e volontario dei moduli presenti su questo sito o di posta elettronica agli indirizzi indicati su questo sito. Il mancato conferimento dei dati pu\u00f2 comportare per la nostra Societ\u00e0 l\u2019impossibilit\u00e0 di fornire il servizio richiesto.<\/p>\n<p>I dati personali sono trattati con strumenti manuali e informatici al fine di conseguire gli scopi per cui sono stati raccolti. Specifiche misure di sicurezza sono osservate per prevenire la perdita dei dati, usi illeciti o non corretti ed accessi non autorizzati.<\/p>\n<p>I trattamenti connessi ai servizi Web di questo sito, in hosting su server di Aruba s.p.a., sono effettuati presso la sede della Societ\u00e0 proprietaria dei server in nome e per conto della Societ\u00e0 Titolare del trattamento e sono curati solo da dipendenti, collaboratori o soci incaricati, nonch\u00e9 da eventuali incaricati di occasionali operazioni di manutenzione.<\/p>\n<p>Il Titolare del trattamento dei dati personali \u00e8 Antonio Stroveglia, presso Wolftour Srl \u2013 Via Circonvallazione A.Moro 3, 65017 Penne (PE), email <a href=\"mailto:a.stroveglia@wolftour.it\">a.stroveglia@wolftour.it<\/a><\/p>\n<p>In base all\u2019art.7 del D.Lgs. 196\/2003 (Diritto di accesso ai dati personali e altri diritti), e diritto dei soggetti cui si riferiscono i dati personali di:<\/p>\n<ul>\n<li>ottenere la conferma dell\u2019esistenza o meno di dati personali che lo riguardano, anche se non ancora registrati, e la loro comunicazione in forma intelligibile;<\/li>\n<li>ottenere l\u2019indicazione: a) dell\u2019origine dei dati personali, b) delle finalit\u00e0 e modalit\u00e0 del trattamento, c) della logica applicata in caso di trattamento effettuato con l\u2019ausilio di strumenti elettronici, d) degli estremi identificativi del titolare, dei responsabili e del rappresentante designato, e) dei soggetti o delle categorie di soggetti ai quali i dati possono essere comunicati o che possono venire a conoscenza in qualit\u00e0 di rappresentante designato nel territorio dello Stato, di responsabili o incaricati;<\/li>\n<li>ottenere: a) l\u2019aggiornamento, la rettificazione ovvero, quando vi ha interesse, l\u2019integrazione dei dati, b) la cancellazione, la trasformazione in forma anonima o il blocco dei dati trattati in violazione di legge, compresi quelli di cui non \u00e8 necessaria la conservazione in relazione agli scopi per i quali i dati sono stati raccolti o successivamente trattati, c) l\u2019attestazione che le operazioni di cui alle lettere a) e b) sono state portate a conoscenza, anche per quanto riguarda il loro contenuto, di coloro ai quali i dati sono stati comunicati o diffusi, eccettuato il caso in cui tale adempimento si rivela impossibile o comporta un impiego di mezzi manifestamente sproporzionato rispetto al diritto tutelato;<\/li>\n<li>opporsi, in tutto o in parte: a) per motivi legittimi al trattamento dei dati personali che lo riguardano, ancorch\u00e9 pertinenti allo scopo della raccolta, b) al trattamento di dati personali che lo riguardano a fini di invio di materiale pubblicitario o di vendita diretta o per il compimento di ricerche di mercato o di comunicazione commerciale.<\/li>\n<\/ul>\n<p><\/p>","protected":false},"excerpt":{"rendered":"<p>I sistemi informatici e le procedure software preposte al funzionamento di questo sito Web acquisiscono, nel corso del loro normale esercizio, alcuni dati la cui trasmissione \u00e8 implicita nell\u2019uso dei protocolli di comunicazione di Internet. Si tratta di informazioni che non sono raccolte per essere associate a interessati identificati, ma che per loro stessa natura &hellip; <a href=\"https:\/\/wolftour.it\/it\/privacy\/\" class=\"more-link\">Leggi tutto<span class=\"screen-reader-text\"> &#8220;Privacy Policy&#8221;<\/span><\/a><\/p>\n","protected":false},"author":1,"featured_media":3764,"parent":0,"menu_order":0,"comment_status":"closed","ping_status":"closed","template":"page-legal.php","meta":[],"yoast_head":"\n<title>Privacy Policy &laquo; Wolftour | Tour Operator in Abruzzo<\/title>\n<meta name=\"robots\" content=\"index, follow, max-snippet:-1, max-image-preview:large, max-video-preview:-1\" \/>\n<link rel=\"canonical\" href=\"https:\/\/wolftour.it\/it\/privacy\/\" \/>\n<meta property=\"og:locale\" content=\"it_IT\" \/>\n<meta property=\"og:type\" content=\"article\" \/>\n<meta property=\"og:title\" content=\"Privacy Policy &laquo; Wolftour | Tour Operator in Abruzzo\" \/>\n<meta property=\"og:description\" content=\"I sistemi informatici e le procedure software preposte al funzionamento di questo sito Web acquisiscono, nel corso del loro normale esercizio, alcuni dati la cui trasmissione \u00e8 implicita nell\u2019uso dei protocolli di comunicazione di Internet. Si tratta di informazioni che non sono raccolte per essere associate a interessati identificati, ma che per loro stessa natura &hellip; Leggi tutto &quot;Privacy Policy&quot;\" \/>\n<meta property=\"og:url\" content=\"https:\/\/wolftour.it\/it\/privacy\/\" \/>\n<meta property=\"og:site_name\" content=\"Wolftour | Tour Operator in Abruzzo\" \/>\n<meta property=\"article:publisher\" content=\"https:\/\/www.facebook.com\/Wolftour\/\" \/>\n<meta property=\"article:modified_time\" content=\"2016-10-25T14:42:17+00:00\" \/>\n<meta property=\"og:image\" content=\"https:\/\/wolftour.it\/wp-content\/uploads\/2016\/10\/pexels-photo-140988.jpg\" \/>\n\t<meta property=\"og:image:width\" content=\"2560\" \/>\n\t<meta property=\"og:image:height\" content=\"1000\" \/>\n\t<meta property=\"og:image:type\" content=\"image\/jpeg\" \/>\n<meta name=\"twitter:card\" content=\"summary_large_image\" \/>\n<meta name=\"twitter:site\" content=\"@Wolftour\" \/>\n<meta name=\"twitter:label1\" content=\"Tempo di lettura stimato\" \/>\n\t<meta name=\"twitter:data1\" content=\"12 minuti\" \/>\n<script type=\"application\/ld+json\" class=\"yoast-schema-graph\">{\"@context\":\"https:\/\/schema.org\",\"@graph\":[{\"@type\":\"WebPage\",\"@id\":\"https:\/\/wolftour.it\/it\/privacy\/\",\"url\":\"https:\/\/wolftour.it\/it\/privacy\/\",\"name\":\"Privacy Policy &laquo; Wolftour | Tour Operator in Abruzzo\",\"isPartOf\":{\"@id\":\"https:\/\/wolftour.it\/it\/#website\"},\"datePublished\":\"2016-10-18T08:50:59+00:00\",\"dateModified\":\"2016-10-25T14:42:17+00:00\",\"breadcrumb\":{\"@id\":\"https:\/\/wolftour.it\/it\/privacy\/#breadcrumb\"},\"inLanguage\":\"it-IT\",\"potentialAction\":[{\"@type\":\"ReadAction\",\"target\":[\"https:\/\/wolftour.it\/it\/privacy\/\"]}]},{\"@type\":\"BreadcrumbList\",\"@id\":\"https:\/\/wolftour.it\/it\/privacy\/#breadcrumb\",\"itemListElement\":[{\"@type\":\"ListItem\",\"position\":1,\"name\":\"Home\",\"item\":\"https:\/\/wolftour.it\/homepage\/homepage\/\"},{\"@type\":\"ListItem\",\"position\":2,\"name\":\"Privacy Policy\"}]},{\"@type\":\"WebSite\",\"@id\":\"https:\/\/wolftour.it\/it\/#website\",\"url\":\"https:\/\/wolftour.it\/it\/\",\"name\":\"Wolftour | Tour Operator in Abruzzo\",\"description\":\"Viaggi e Vacanze Tour Operator in Abruzzo\",\"publisher\":{\"@id\":\"https:\/\/wolftour.it\/it\/#organization\"},\"potentialAction\":[{\"@type\":\"SearchAction\",\"target\":{\"@type\":\"EntryPoint\",\"urlTemplate\":\"https:\/\/wolftour.it\/it\/?s={search_term_string}\"},\"query-input\":\"required name=search_term_string\"}],\"inLanguage\":\"it-IT\"},{\"@type\":\"Organization\",\"@id\":\"https:\/\/wolftour.it\/it\/#organization\",\"name\":\"Wolftour Srl\",\"url\":\"https:\/\/wolftour.it\/it\/\",\"logo\":{\"@type\":\"ImageObject\",\"inLanguage\":\"it-IT\",\"@id\":\"https:\/\/wolftour.it\/it\/#\/schema\/logo\/image\/\",\"url\":\"https:\/\/wolftour.it\/wp-content\/uploads\/2016\/09\/wf_logo_mod.png\",\"contentUrl\":\"https:\/\/wolftour.it\/wp-content\/uploads\/2016\/09\/wf_logo_mod.png\",\"width\":680,\"height\":205,\"caption\":\"Wolftour Srl\"},\"image\":{\"@id\":\"https:\/\/wolftour.it\/it\/#\/schema\/logo\/image\/\"},\"sameAs\":[\"https:\/\/www.facebook.com\/Wolftour\/\",\"https:\/\/twitter.com\/Wolftour\",\"https:\/\/www.instagram.com\/wolftour_italy\/\",\"https:\/\/it.pinterest.com\/wolftour\/\",\"https:\/\/www.youtube.com\/channel\/UCl8wQzrF789bSFRAA7_XJCQ\"]}]}<\/script>\n","yoast_head_json":{"title":"Privacy Policy &laquo; Wolftour | Tour Operator in Abruzzo","robots":{"index":"index","follow":"follow","max-snippet":"max-snippet:-1","max-image-preview":"max-image-preview:large","max-video-preview":"max-video-preview:-1"},"canonical":"https:\/\/wolftour.it\/it\/privacy\/","og_locale":"it_IT","og_type":"article","og_title":"Privacy Policy &laquo; Wolftour | Tour Operator in Abruzzo","og_description":"I sistemi informatici e le procedure software preposte al funzionamento di questo sito Web acquisiscono, nel corso del loro normale esercizio, alcuni dati la cui trasmissione \u00e8 implicita nell\u2019uso dei protocolli di comunicazione di Internet. Si tratta di informazioni che non sono raccolte per essere associate a interessati identificati, ma che per loro stessa natura &hellip; Leggi tutto \"Privacy Policy\"","og_url":"https:\/\/wolftour.it\/it\/privacy\/","og_site_name":"Wolftour | Tour Operator in Abruzzo","article_publisher":"https:\/\/www.facebook.com\/Wolftour\/","article_modified_time":"2016-10-25T14:42:17+00:00","og_image":[{"width":2560,"height":1000,"url":"https:\/\/wolftour.it\/wp-content\/uploads\/2016\/10\/pexels-photo-140988.jpg","type":"image\/jpeg"}],"twitter_card":"summary_large_image","twitter_site":"@Wolftour","twitter_misc":{"Tempo di lettura stimato":"12 minuti"},"schema":{"@context":"https:\/\/schema.org","@graph":[{"@type":"WebPage","@id":"https:\/\/wolftour.it\/it\/privacy\/","url":"https:\/\/wolftour.it\/it\/privacy\/","name":"Privacy Policy &laquo; Wolftour | Tour Operator in Abruzzo","isPartOf":{"@id":"https:\/\/wolftour.it\/it\/#website"},"datePublished":"2016-10-18T08:50:59+00:00","dateModified":"2016-10-25T14:42:17+00:00","breadcrumb":{"@id":"https:\/\/wolftour.it\/it\/privacy\/#breadcrumb"},"inLanguage":"it-IT","potentialAction":[{"@type":"ReadAction","target":["https:\/\/wolftour.it\/it\/privacy\/"]}]},{"@type":"BreadcrumbList","@id":"https:\/\/wolftour.it\/it\/privacy\/#breadcrumb","itemListElement":[{"@type":"ListItem","position":1,"name":"Home","item":"https:\/\/wolftour.it\/homepage\/homepage\/"},{"@type":"ListItem","position":2,"name":"Privacy Policy"}]},{"@type":"WebSite","@id":"https:\/\/wolftour.it\/it\/#website","url":"https:\/\/wolftour.it\/it\/","name":"Wolftour | Tour Operator in Abruzzo","description":"Viaggi e Vacanze Tour Operator in Abruzzo","publisher":{"@id":"https:\/\/wolftour.it\/it\/#organization"},"potentialAction":[{"@type":"SearchAction","target":{"@type":"EntryPoint","urlTemplate":"https:\/\/wolftour.it\/it\/?s={search_term_string}"},"query-input":"required name=search_term_string"}],"inLanguage":"it-IT"},{"@type":"Organization","@id":"https:\/\/wolftour.it\/it\/#organization","name":"Wolftour Srl","url":"https:\/\/wolftour.it\/it\/","logo":{"@type":"ImageObject","inLanguage":"it-IT","@id":"https:\/\/wolftour.it\/it\/#\/schema\/logo\/image\/","url":"https:\/\/wolftour.it\/wp-content\/uploads\/2016\/09\/wf_logo_mod.png","contentUrl":"https:\/\/wolftour.it\/wp-content\/uploads\/2016\/09\/wf_logo_mod.png","width":680,"height":205,"caption":"Wolftour Srl"},"image":{"@id":"https:\/\/wolftour.it\/it\/#\/schema\/logo\/image\/"},"sameAs":["https:\/\/www.facebook.com\/Wolftour\/","https:\/\/twitter.com\/Wolftour","https:\/\/www.instagram.com\/wolftour_italy\/","https:\/\/it.pinterest.com\/wolftour\/","https:\/\/www.youtube.com\/channel\/UCl8wQzrF789bSFRAA7_XJCQ"]}]}},"_links":{"self":[{"href":"https:\/\/wolftour.it\/it\/wp-json\/wp\/v2\/pages\/3636"}],"collection":[{"href":"https:\/\/wolftour.it\/it\/wp-json\/wp\/v2\/pages"}],"about":[{"href":"https:\/\/wolftour.it\/it\/wp-json\/wp\/v2\/types\/page"}],"author":[{"embeddable":true,"href":"https:\/\/wolftour.it\/it\/wp-json\/wp\/v2\/users\/1"}],"replies":[{"embeddable":true,"href":"https:\/\/wolftour.it\/it\/wp-json\/wp\/v2\/comments?post=3636"}],"version-history":[{"count":2,"href":"https:\/\/wolftour.it\/it\/wp-json\/wp\/v2\/pages\/3636\/revisions"}],"predecessor-version":[{"id":3765,"href":"https:\/\/wolftour.it\/it\/wp-json\/wp\/v2\/pages\/3636\/revisions\/3765"}],"wp:featuredmedia":[{"embeddable":true,"href":"https:\/\/wolftour.it\/it\/wp-json\/wp\/v2\/media\/3764"}],"wp:attachment":[{"href":"https:\/\/wolftour.it\/it\/wp-json\/wp\/v2\/media?parent=3636"}],"curies":[{"name":"wp","href":"https:\/\/api.w.org\/{rel}","templated":true}]}}